{"id":1103,"date":"2026-04-14T14:39:37","date_gmt":"2026-04-14T12:39:37","guid":{"rendered":"https:\/\/www.deutz.cz\/?page_id=1103"},"modified":"2026-04-14T14:41:49","modified_gmt":"2026-04-14T12:41:49","slug":"zvlastni-op-xchange-motory","status":"publish","type":"page","link":"https:\/\/www.deutz.cz\/?page_id=1103","title":{"rendered":"ZVL\u00c1\u0160TN\u00cd OP XCHANGE MOTORY"},"content":{"rendered":"\n<div data-wp-interactive=\"core\/file\" class=\"wp-block-file\"><object data-wp-bind--hidden=\"!state.hasPdfPreview\" hidden class=\"wp-block-file__embed\" data=\"https:\/\/www.deutz.cz\/wp-content\/uploads\/260501_ZOP_Xchange_Motory_DEUTZCS_CZ.pdf\" type=\"application\/pdf\" style=\"width:100%;height:600px\" aria-label=\"Vlo\u017eit z 260501_ZOP_Xchange_Motory_DEUTZCS_CZ.\"><\/object><a id=\"wp-block-file--media-23edf9a1-5add-46f9-af40-fab9b367d5f3\" href=\"https:\/\/www.deutz.cz\/wp-content\/uploads\/260501_ZOP_Xchange_Motory_DEUTZCS_CZ.pdf\">260501_ZOP_Xchange_Motory_DEUTZCS_CZ<\/a><a href=\"https:\/\/www.deutz.cz\/wp-content\/uploads\/260501_ZOP_Xchange_Motory_DEUTZCS_CZ.pdf\" class=\"wp-block-file__button wp-element-button\" download aria-describedby=\"wp-block-file--media-23edf9a1-5add-46f9-af40-fab9b367d5f3\">St\u00e1hnout<\/a><\/div>\n","protected":false},"excerpt":{"rendered":"","protected":false},"author":1,"featured_media":0,"parent":757,"menu_order":5,"comment_status":"closed","ping_status":"closed","template":"","meta":{"footnotes":""},"class_list":["post-1103","page","type-page","status-publish","hentry"],"_links":{"self":[{"href":"https:\/\/www.deutz.cz\/index.php?rest_route=\/wp\/v2\/pages\/1103","targetHints":{"allow":["GET"]}}],"collection":[{"href":"https:\/\/www.deutz.cz\/index.php?rest_route=\/wp\/v2\/pages"}],"about":[{"href":"https:\/\/www.deutz.cz\/index.php?rest_route=\/wp\/v2\/types\/page"}],"author":[{"embeddable":true,"href":"https:\/\/www.deutz.cz\/index.php?rest_route=\/wp\/v2\/users\/1"}],"replies":[{"embeddable":true,"href":"https:\/\/www.deutz.cz\/index.php?rest_route=%2Fwp%2Fv2%2Fcomments&post=1103"}],"version-history":[{"count":1,"href":"https:\/\/www.deutz.cz\/index.php?rest_route=\/wp\/v2\/pages\/1103\/revisions"}],"predecessor-version":[{"id":1104,"href":"https:\/\/www.deutz.cz\/index.php?rest_route=\/wp\/v2\/pages\/1103\/revisions\/1104"}],"up":[{"embeddable":true,"href":"https:\/\/www.deutz.cz\/index.php?rest_route=\/wp\/v2\/pages\/757"}],"wp:attachment":[{"href":"https:\/\/www.deutz.cz\/index.php?rest_route=%2Fwp%2Fv2%2Fmedia&parent=1103"}],"curies":[{"name":"wp","href":"https:\/\/api.w.org\/{rel}","templated":true}]}}